{"id":1025,"date":"2021-01-12T13:01:57","date_gmt":"2021-01-12T15:01:57","guid":{"rendered":"https:\/\/www.danielquintanasperb.com.br\/website\/?post_type=product&#038;p=1025"},"modified":"2021-01-12T13:01:57","modified_gmt":"2021-01-12T15:01:57","slug":"modelagem-de-carreiras","status":"publish","type":"product","link":"https:\/\/www.danielquintanasperb.com.br\/website\/produto\/modelagem-de-carreiras\/","title":{"rendered":"Modelagem de Carreiras"},"content":{"rendered":"<p><b>Programa<\/b><span style=\"font-weight: 400;\">: <\/span><span style=\"font-weight: 400;\">Se voc\u00ea n\u00e3o est\u00e1 trabalhando para realizar seu sonho, est\u00e1 trabalhando para realizar o sonho de algu\u00e9m. Dezoito horas podem mudar sua vida. <\/span><span style=\"font-weight: 400;\">Seis encontros de tr\u00eas horas. Tr\u00eas semanas praticando a combina\u00e7\u00e3o de nove t\u00e9cnicas. Identifique o seu prop\u00f3sito e construa seu plano de a\u00e7\u00e3o. Voc\u00ea vai aprender um verdadeiro arsenal de t\u00e9cnicas e ferramentas criativas! Construa um mindset criativo com ferramentas de inova\u00e7\u00e3o e as pr\u00e1ticas de g\u00eanios como Walt Disney e Steve Jobs. Aprenda estrat\u00e9gias de diferencia\u00e7\u00e3o com cases de empresas como Apple e Google e aplique em seu projeto pessoal!<\/span><\/p>\n<p><b>Data<\/b><span style=\"font-weight: 400;\">: <\/span><span style=\"font-weight: 400;\">04\/06 e 05\/06; 11\/06 e 12\/06 e 18\/06 e 19\/06<\/span><\/p>\n<p><b>Hor\u00e1rio<\/b><span style=\"font-weight: 400;\">: <\/span><span style=\"font-weight: 400;\">Sextas \u00e0 noite das 18h30min \u00e0s 21h30min S\u00e1bado pela manh\u00e3 das 8h30min \u00e0s 11h30min<\/span><\/p>\n<p><b>Carga hor\u00e1ria<\/b><span style=\"font-weight: 400;\">: 18h<\/span><\/p>\n","protected":false},"excerpt":{"rendered":"<p><span style=\"font-weight: 400;\">Identifique o seu prop\u00f3sito e construa seu plano de a\u00e7\u00e3o. Voc\u00ea vai aprender um verdadeiro arsenal de t\u00e9cnicas e ferramentas criativas! <\/span><\/p>\n","protected":false},"featured_media":404,"comment_status":"open","ping_status":"closed","template":"","meta":[],"product_cat":[15],"product_tag":[],"acf":[],"_links":{"self":[{"href":"https:\/\/www.danielquintanasperb.com.br\/website\/wp-json\/wp\/v2\/product\/1025"}],"collection":[{"href":"https:\/\/www.danielquintanasperb.com.br\/website\/wp-json\/wp\/v2\/product"}],"about":[{"href":"https:\/\/www.danielquintanasperb.com.br\/website\/wp-json\/wp\/v2\/types\/product"}],"replies":[{"embeddable":true,"href":"https:\/\/www.danielquintanasperb.com.br\/website\/wp-json\/wp\/v2\/comments?post=1025"}],"version-history":[{"count":0,"href":"https:\/\/www.danielquintanasperb.com.br\/website\/wp-json\/wp\/v2\/product\/1025\/revisions"}],"wp:featuredmedia":[{"embeddable":true,"href":"https:\/\/www.danielquintanasperb.com.br\/website\/wp-json\/wp\/v2\/media\/404"}],"wp:attachment":[{"href":"https:\/\/www.danielquintanasperb.com.br\/website\/wp-json\/wp\/v2\/media?parent=1025"}],"wp:term":[{"taxonomy":"product_cat","embeddable":true,"href":"https:\/\/www.danielquintanasperb.com.br\/website\/wp-json\/wp\/v2\/product_cat?post=1025"},{"taxonomy":"product_tag","embeddable":true,"href":"https:\/\/www.danielquintanasperb.com.br\/website\/wp-json\/wp\/v2\/product_tag?post=1025"}],"curies":[{"name":"wp","href":"https:\/\/api.w.org\/{rel}","templated":true}]}}